{"id":2559,"date":"2019-03-19T00:24:46","date_gmt":"2019-03-18T23:24:46","guid":{"rendered":"http:\/\/datasoil.it\/?page_id=2559"},"modified":"2019-03-19T00:24:47","modified_gmt":"2019-03-18T23:24:47","slug":"cookie-policy","status":"publish","type":"page","link":"https:\/\/datasoil.it\/en\/cookie-policy\/","title":{"rendered":"Cookie Policy"},"content":{"rendered":"<p>I cookie hanno lo scopo di aiutarci a migliorare la tua esperienza di navigazione su questo sito web. Riteniamo importante tutelare la tua privacy e spiegare in modo trasparente come impieghiamo i tuoi dati. Quanto indicato nella presente pagina ha lo scopo di informarti e permetterti di consultare in tranquillit\u00e0 il nostro sito web.<\/p>\n<p>&nbsp;<\/p>\n<h2>CHE COS\u2019\u00c8 UN COOKIE?<\/h2>\n<p>I cookie sono piccoli file di testo salvati sul tuo computer o dispositivo mobile. Sono comunemente utilizzati per far funzionare i siti Internet o farli funzionare in maniera pi\u00f9 efficiente. Questo \u00e8 possibile perch\u00e9 i siti sono in grado di leggere e scrivere file di questo genere, abilitandoli a riconoscerti e a ricordare informazioni importanti che renderanno pi\u00f9 agevole la tua consultazione (ad esempio, ricordando le tue impostazioni preferite, login, lingua, ecc.).<\/p>\n<p>&nbsp;<\/p>\n<h2>I COOKIE CHE VENGONO UTILIZZATI NEL NOSTRO SITO SONO I SEGUENTI:<\/h2>\n<h3>COOKIE TECNICI<\/h3>\n<p>Il nostro sito utilizza cookie tecnici per garantire il corretto funzionamento di alcune sezioni del sito, o per salvare le preferenze di navigazione ed ottimizzare l\u2019esperienza di navigazione degli utenti (ad esempio per l\u2019impostazione della lingua inglese o italiana). Questa tipologia di cookie si distingue in due categorie:<\/p>\n<p>persistenti: una volta chiuso il browser non vengono distrutti ma rimangono fino ad una data di scadenza preimpostata<br \/>\ndi sessione: vengono distrutti ogni volta che il browser viene chiuso<br \/>\nQuesti cookie, inviati dal nostro dominio, sono necessari per visualizzare correttamente il sito e in relazione ai servizi tecnici offerti. Verranno quindi sempre utilizzati e inviati, a meno che l\u2019utenza non modifichi le impostazioni nel proprio browser (compromettendo per\u00f2 la corretta visualizzazione delle pagine del sito).<\/p>\n<h3>COOKIE DI TERZE PARTI<\/h3>\n<p>I cookie statistici permettono ai titolari del sito web di monitorare e analizzare i dati di traffico e servono a tener traccia del comportamento dell\u2019Utente all\u2019interno del sito stesso. I cookie statistici che utilizza il nostro sito web appartengono a:<\/p>\n<p>Google Analytics (Google): Google Analytics \u00e8 un servizio di analisi web fornito da Google Inc. (\u201cGoogle\u201d). Google utilizza i Dati Personali raccolti allo scopo di tracciare ed esaminare l\u2019utilizzo di questo sito, compilare report e condividerli con gli altri servizi sviluppati da Google. Google potrebbe utilizzare i Dati Personali per contestualizzare e personalizzare gli annunci del proprio network pubblicitario. Dati personali raccolti: Cookie e Dati di utilizzo.<\/p>\n<h3>INTERAZIONE CON SOCIAL NETWORK E PIATTAFORME ESTERNE<\/h3>\n<p>Questi servizi permettono di effettuare interazioni con i social network, o con altre piattaforme esterne, direttamente dalle pagine di questo sito web. Le interazioni e le informazioni acquisite da questo sito sono in ogni caso soggette alle impostazioni privacy dell\u2019Utente relative ad ogni social network.<\/p>\n<p>Nel caso in cui sia installato un servizio di interazione con i social network, \u00e8 possibile che, anche nel caso gli Utenti non utilizzino il servizio, lo stesso raccolga dati di traffico relativi alle pagine in cui \u00e8 installato.<\/p>\n<ul>\n<li>Pulsante Tweet e widget sociali di Twitter (Twitter)<br \/>\nIl pulsante Tweet e i widget sociali di Twitter sono servizi di interazione con il social network Twitter, forniti da Twitter Inc.<br \/>\nDati personali raccolti: Cookie e Dati di utilizzo.<br \/>\nLuogo del trattamento : USA \u2013 Privacy Policy<\/li>\n<li>Pulsante Mi Piace e widget sociali di Facebook (Facebook, Inc.)<br \/>\nIl pulsante \u201cMi Piace\u201d e i widget sociali di Facebook sono servizi di interazione con il social network Facebook, forniti da Facebook, Inc.<br \/>\nDati personali raccolti: Cookie e Dati di utilizzo.<br \/>\nLuogo del trattamento : USA \u2013 Privacy Policy<\/li>\n<li>Pulsante Linkedin Il pulsante \u201cin\u201d \u00e8 un servizio di interazione con il social network LinkedIn, di LinkedIn Corporation.<br \/>\nDati personali raccolti: Cookie e Dati di utilizzo.<br \/>\nLuogo del trattamento: USA \u2013 Privacy Policy<\/li>\n<\/ul>\n<p>&nbsp;<\/p>\n<h2>COME MODIFICARE LE IMPOSTAZIONI SUI COOKIE<\/h2>\n<p>La maggior parte dei browser permette di cancellare i cookie dal disco fisso del computer, di bloccare l\u2019accettazione dei cookie o di ricevere un avviso prima che un cookie venga memorizzato.<\/p>\n<p>Per i cookie di terzi, il consenso pu\u00f2 essere espresso dall\u2019Utente con una o pi\u00f9 di una delle seguenti modalit\u00e0:<\/p>\n<p>Mediante specifiche configurazioni del browser utilizzato o dei relativi programmi informatici utilizzati per navigare le pagine che compongono il Sito.<br \/>\nMediante modifica delle impostazioni nell\u2019uso dei servizi di terze parti.<br \/>\nEntrambe queste soluzioni potrebbero impedire all\u2019utente di utilizzare o visualizzare parti del Sito.<\/p>\n<h2>COSA SUCCEDE SE SI DISATTIVANO I COOKIE?<\/h2>\n<p>Se l\u2019utente blocca o cancella un cookie, potrebbe essere impossibile ripristinare le preferenze o le impostazioni personalizzate specificate in precedenza e la nostra capacit\u00e0 di personalizzare l\u2019esperienza dell\u2019utente sar\u00e0 limitata.<\/p>\n","protected":false},"excerpt":{"rendered":"<p>I cookie hanno lo scopo di aiutarci a migliorare la tua esperienza di navigazione su questo sito web. Riteniamo importante tutelare la tua [&hellip;]<\/p>\n","protected":false},"author":1,"featured_media":0,"parent":0,"menu_order":0,"comment_status":"closed","ping_status":"closed","template":"","meta":{"footnotes":""},"class_list":["post-2559","page","type-page","status-publish","hentry"],"yoast_head":"<!-- This site is optimized with the Yoast SEO plugin v16.0.2 - https:\/\/yoast.com\/wordpress\/plugins\/seo\/ -->\n<title>Cookie Policy - Datasoil<\/title>\n<link rel=\"canonical\" href=\"https:\/\/datasoil.it\/en\/cookie-policy\/\" \/>\n<meta property=\"og:locale\" content=\"en_US\" \/>\n<meta property=\"og:type\" content=\"article\" \/>\n<meta property=\"og:title\" content=\"Cookie Policy - Datasoil\" \/>\n<meta property=\"og:description\" content=\"I cookie hanno lo scopo di aiutarci a migliorare la tua esperienza di navigazione su questo sito web. Riteniamo importante tutelare la tua [&hellip;]\" \/>\n<meta property=\"og:url\" content=\"https:\/\/datasoil.it\/en\/cookie-policy\/\" \/>\n<meta property=\"og:site_name\" content=\"Datasoil\" \/>\n<meta property=\"article:publisher\" content=\"https:\/\/www.facebook.com\/datasoil\" \/>\n<meta property=\"article:modified_time\" content=\"2019-03-18T23:24:47+00:00\" \/>\n<meta name=\"twitter:card\" content=\"summary_large_image\" \/>\n<meta name=\"twitter:site\" content=\"@datasoil_it\" \/>\n<meta name=\"twitter:label1\" content=\"Est. reading time\">\n\t<meta name=\"twitter:data1\" content=\"4 minutes\">\n<script type=\"application\/ld+json\" class=\"yoast-schema-graph\">{\"@context\":\"https:\/\/schema.org\",\"@graph\":[{\"@type\":\"Organization\",\"@id\":\"https:\/\/datasoil.it\/#organization\",\"name\":\"Datasoil s.r.l.\",\"url\":\"https:\/\/datasoil.it\/\",\"sameAs\":[\"https:\/\/www.facebook.com\/datasoil\",\"https:\/\/www.linkedin.com\/company\/17967438\",\"https:\/\/twitter.com\/datasoil_it\"],\"logo\":{\"@type\":\"ImageObject\",\"@id\":\"https:\/\/datasoil.it\/#logo\",\"inLanguage\":\"en-US\",\"url\":\"https:\/\/datasoil.it\/wp-content\/uploads\/2019\/10\/ds_logo.png\",\"width\":201,\"height\":179,\"caption\":\"Datasoil s.r.l.\"},\"image\":{\"@id\":\"https:\/\/datasoil.it\/#logo\"}},{\"@type\":\"WebSite\",\"@id\":\"https:\/\/datasoil.it\/#website\",\"url\":\"https:\/\/datasoil.it\/\",\"name\":\"Datasoil\",\"description\":\"Intelligenza artificiale in cloud per personalizzare e prioritizzare i dati, a supporto dei processi decisionali di business.\",\"publisher\":{\"@id\":\"https:\/\/datasoil.it\/#organization\"},\"potentialAction\":[{\"@type\":\"SearchAction\",\"target\":\"https:\/\/datasoil.it\/?s={search_term_string}\",\"query-input\":\"required name=search_term_string\"}],\"inLanguage\":\"en-US\"},{\"@type\":\"WebPage\",\"@id\":\"https:\/\/datasoil.it\/en\/cookie-policy\/#webpage\",\"url\":\"https:\/\/datasoil.it\/en\/cookie-policy\/\",\"name\":\"Cookie Policy - Datasoil\",\"isPartOf\":{\"@id\":\"https:\/\/datasoil.it\/#website\"},\"datePublished\":\"2019-03-18T23:24:46+00:00\",\"dateModified\":\"2019-03-18T23:24:47+00:00\",\"breadcrumb\":{\"@id\":\"https:\/\/datasoil.it\/en\/cookie-policy\/#breadcrumb\"},\"inLanguage\":\"en-US\",\"potentialAction\":[{\"@type\":\"ReadAction\",\"target\":[\"https:\/\/datasoil.it\/en\/cookie-policy\/\"]}]},{\"@type\":\"BreadcrumbList\",\"@id\":\"https:\/\/datasoil.it\/en\/cookie-policy\/#breadcrumb\",\"itemListElement\":[{\"@type\":\"ListItem\",\"position\":1,\"item\":{\"@type\":\"WebPage\",\"@id\":\"https:\/\/datasoil.it\/en\/home\/\",\"url\":\"https:\/\/datasoil.it\/en\/home\/\",\"name\":\"Home\"}},{\"@type\":\"ListItem\",\"position\":2,\"item\":{\"@type\":\"WebPage\",\"@id\":\"https:\/\/datasoil.it\/en\/cookie-policy\/\",\"url\":\"https:\/\/datasoil.it\/en\/cookie-policy\/\",\"name\":\"Cookie Policy\"}}]}]}<\/script>\n<!-- \/ Yoast SEO plugin. -->","_links":{"self":[{"href":"https:\/\/datasoil.it\/en\/wp-json\/wp\/v2\/pages\/2559\/"}],"collection":[{"href":"https:\/\/datasoil.it\/en\/wp-json\/wp\/v2\/pages\/"}],"about":[{"href":"https:\/\/datasoil.it\/en\/wp-json\/wp\/v2\/types\/page\/"}],"author":[{"embeddable":true,"href":"https:\/\/datasoil.it\/en\/wp-json\/wp\/v2\/users\/1\/"}],"replies":[{"embeddable":true,"href":"https:\/\/datasoil.it\/en\/wp-json\/wp\/v2\/comments\/?post=2559"}],"version-history":[{"count":1,"href":"https:\/\/datasoil.it\/en\/wp-json\/wp\/v2\/pages\/2559\/revisions\/"}],"predecessor-version":[{"id":2560,"href":"https:\/\/datasoil.it\/en\/wp-json\/wp\/v2\/pages\/2559\/revisions\/2560\/"}],"wp:attachment":[{"href":"https:\/\/datasoil.it\/en\/wp-json\/wp\/v2\/media\/?parent=2559"}],"curies":[{"name":"wp","href":"https:\/\/api.w.org\/{rel}","templated":true}]}}